{"id":29150,"date":"2026-02-26T01:37:55","date_gmt":"2026-02-25T22:37:55","guid":{"rendered":"https:\/\/rhysbener.com\/?page_id=29150"},"modified":"2026-02-26T14:50:03","modified_gmt":"2026-02-26T11:50:03","slug":"biography","status":"publish","type":"page","link":"https:\/\/rhysbener.com\/de\/biography\/","title":{"rendered":"Biographie"},"content":{"rendered":"<p>Der 1971 geborene K\u00fcnstler wuchs in der T\u00fcrkei auf und studierte zwischen 1990 und 1995 an der Staatlichen Akademie der Sch\u00f6nen K\u00fcnste der Dokuz-Eyl\u00fcl-Universit\u00e4t. Seine Abschlussarbeit widmete er der Everyman-Tradition, einer der zentralen Erz\u00e4hlformen des mittelalterlichen religi\u00f6sen Theaters. Bereits in dieser fr\u00fchen Phase besch\u00e4ftigte sich Rhys mit Denkstrukturen, die die Position des Menschen im Angesicht von S\u00fcnde, Tod und moralischer Abrechnung thematisieren. In der Everyman-Tradition erscheint das Individuum nicht als au\u00dfergew\u00f6hnlicher Held, sondern als anonyme Figur, die f\u00fcr alle steht. Die Erz\u00e4hlung richtet sich weniger an der individuellen Psychologie aus, sondern etabliert eine universelle Gewissensb\u00fchne, die den Betrachter nicht zur Empathie, sondern zur Zeugenschaft auffordert. Dieser Ansatz bildet eine fr\u00fche intellektuelle Grundlage f\u00fcr die ethische Distanz, die Rhys heute in seiner Malerei einnimmt und durch die der Betrachter nicht als Zuschauer, sondern als Zeuge positioniert wird.<\/p>\n<p>In den Jahren nach dem Studium war Rhys in Istanbul in unterschiedlichen Bereichen t\u00e4tig, darunter Film-Szenenbild, Textil-, Grafik- und Kulinarikdesign. In dieser Zeit untersuchte er Form nicht allein als \u00e4sthetisches Resultat, sondern als Struktur, die Bedeutung, Ordnung und Hierarchie erzeugt. \u00dcber die von ihm gegr\u00fcndete artisanale Porzellanmarke erforschte er das Verh\u00e4ltnis von Objekt, Gebrauch und Ritual und vertiefte seine Auseinandersetzung mit den Beziehungen zwischen B\u00fchne, K\u00f6rper und Oberfl\u00e4che in einem interdisziplin\u00e4ren Feld.<\/p>\n<p>Diese vielschichtige Produktionsgeschichte f\u00fchrt in Rhys\u2019 heutiger Malpraxis nicht zu einem Streben nach \u00e4sthetisch \u201eabgeschlossenen\u201c Formen, sondern zu einem bewussten Bed\u00fcrfnis, den K\u00f6rper zu st\u00f6ren und neu zu konstruieren. Die Anatomie der Figur wird fragmentiert, verzerrt und von klassischen Repr\u00e4sentationsordnungen gel\u00f6st. Diese Verformung ist jedoch kein Akt der Zerst\u00f6rung, sondern der Aufbau einer neuen Anatomie. Durch die Rekonstruktion des K\u00f6rpers schafft Rhys einen Raum, in dem gegens\u00e4tzliche Konzepte wie S\u00fcnde und Erl\u00f6sung, Schmerz und Lust auf derselben Oberfl\u00e4che aufeinandertreffen k\u00f6nnen.<\/p>\n<p>Die Figur verliert ihre Funktion als erz\u00e4hltragender Charakter; sie wird anonymisiert, vereinfacht und auf einen universellen Zustand reduziert. Die fr\u00fchen Auseinandersetzungen mit S\u00fcnde, Tod und Abrechnung innerhalb der Everyman-Tradition erscheinen heute erneut als stiller, zeitloser und b\u00fchnenloser Konfrontationsraum, der \u00fcber den K\u00f6rper verhandelt wird. Der Betrachter wird dabei nicht emotional gelenkt und erh\u00e4lt keine Erkl\u00e4rung. Der K\u00f6rper steht mit seinem gesamten Gewicht im Raum und fordert Zeugenschaft ein.<\/p>","protected":false},"excerpt":{"rendered":"<p>Born in 1971, the artist grew up in T\u00fcrkiye and studied at the Fine Arts Academy of Dokuz Eyl\u00fcl University<\/p>","protected":false},"author":2,"featured_media":0,"parent":0,"menu_order":0,"comment_status":"closed","ping_status":"closed","template":"","meta":{"footnotes":""},"class_list":["post-29150","page","type-page","status-publish","hentry"],"_links":{"self":[{"href":"https:\/\/rhysbener.com\/de\/wp-json\/wp\/v2\/pages\/29150","targetHints":{"allow":["GET"]}}],"collection":[{"href":"https:\/\/rhysbener.com\/de\/wp-json\/wp\/v2\/pages"}],"about":[{"href":"https:\/\/rhysbener.com\/de\/wp-json\/wp\/v2\/types\/page"}],"author":[{"embeddable":true,"href":"https:\/\/rhysbener.com\/de\/wp-json\/wp\/v2\/users\/2"}],"replies":[{"embeddable":true,"href":"https:\/\/rhysbener.com\/de\/wp-json\/wp\/v2\/comments?post=29150"}],"version-history":[{"count":12,"href":"https:\/\/rhysbener.com\/de\/wp-json\/wp\/v2\/pages\/29150\/revisions"}],"predecessor-version":[{"id":29231,"href":"https:\/\/rhysbener.com\/de\/wp-json\/wp\/v2\/pages\/29150\/revisions\/29231"}],"wp:attachment":[{"href":"https:\/\/rhysbener.com\/de\/wp-json\/wp\/v2\/media?parent=29150"}],"curies":[{"name":"wp","href":"https:\/\/api.w.org\/{rel}","templated":true}]}}